{"id":513,"date":"2020-12-21T16:34:54","date_gmt":"2020-12-21T16:34:54","guid":{"rendered":"https:\/\/sanrafaelfundazioa.com\/?page_id=513"},"modified":"2021-04-23T13:43:36","modified_gmt":"2021-04-23T13:43:36","slug":"cookies","status":"publish","type":"page","link":"https:\/\/sanrafaelfundazioa.com\/eu\/cookies\/","title":{"rendered":"Cookies"},"content":{"rendered":"[vc_row][vc_column][mk_revslider id=&#8221;privacidad-1&#8243;][\/vc_column][\/vc_row][vc_row css=&#8221;.vc_custom_1602664086095{margin-top: 80px !important;}&#8221;][vc_column][vc_column_text css=&#8221;.vc_custom_1602664313386{margin-bottom: 0px !important;}&#8221;]\n<h2><strong>POL\u00cdTICA DE COOKIES<\/strong><\/h2>\n[\/vc_column_text][\/vc_column][\/vc_row][vc_row css=&#8221;.vc_custom_1602664105869{margin-top: 40px !important;}&#8221;][vc_column][vc_column_text css=&#8221;.vc_custom_1619185413791{margin-bottom: 0px !important;}&#8221;]<strong>INFORMACI\u00d3N SOBRE COOKIES<\/strong><br \/>\nDebido a la entrada en vigor de la referente modificaci\u00f3n de la \u201cLey de Servicios de la Sociedad de la Informaci\u00f3n\u201d (LSSICE) establecida por el Real Decreto 13\/2012, es de obligaci\u00f3n obtener el consentimiento expreso del usuario de todas las p\u00e1ginas web que usan cookies prescindibles, antes de que \u00e9ste navegue por ellas.<\/p>\n<p><strong>\u00bfQU\u00c9 SON LAS COOKIES?<\/strong><br \/>\nLas cookies y otras tecnolog\u00edas similares tales como local shared objects, flash cookies o p\u00edxeles, son herramientas empleadas por los servidores Web para almacenar y recuperar informaci\u00f3n acerca de sus visitantes, as\u00ed como para ofrecer un correcto funcionamiento del sitio. Mediante el uso de estos dispositivos se permite al servidor Web recordar algunos datos concernientes al usuario, como sus preferencias para la visualizaci\u00f3n de las p\u00e1ginas de ese servidor, nombre y contrase\u00f1a, productos que m\u00e1s le interesan, etc.<\/p>\n<p>Las cookies afectadas y exceptuadas seg\u00fan la directiva de la UE, requieren el consentimiento informado por parte del usuario son las cookies de anal\u00edtica y las de publicidad y afiliaci\u00f3n, quedando exceptuadas las de car\u00e1cter t\u00e9cnico y las necesarias para el funcionamiento del sitio web o la prestaci\u00f3n de servicios expresamente solicitados por el usuario.<\/p>\n<p><strong>\u00bfQU\u00c9 TIPOS DE COOKIES EXISTEN?<\/strong><\/p>\n<p>Sobre los tipos de cookies, existen cinco grandes grupos:<\/p>\n<p>Cookies anal\u00edticas: recogen informaci\u00f3n del uso que se realiza del sitio web.<br \/>\nCookies sociales: son aquellas necesarias para redes sociales externas.<br \/>\nCookies de afiliados: permiten hacer un seguimiento de las visitas procedentes de otras webs, con las que el sitio web establece un contrato de afiliaci\u00f3n (empresas de afiliaci\u00f3n).<br \/>\nCookies de publicidad y comportamentales: recogen informaci\u00f3n sobre las preferencias y elecciones personales del usuario (retargeting).<br \/>\nCookies t\u00e9cnicas y funcionales: son las estrictamente necesarias para el uso del sitio web y para la prestaci\u00f3n del servicio contratado.<\/p>\n<p><strong>COOKIES QUE SE UTILIZAN EN ESTE SITIO WEB<\/strong><\/p>\n<p>PHPSESSID: cookie t\u00e9cnica y estrictamente necesaria que contiene el identificador de la sesi\u00f3n. Se elimina al cerrar el navegador.<br \/>\n_lang: cookie t\u00e9cnica y estrictamente necesaria que contiene el idioma de la sesi\u00f3n. Se elimina al cerrar el navegador.<br \/>\nac_cookies: cookie t\u00e9cnica y estrictamente necesaria que contiene el valor de si se ha aceptado la instalaci\u00f3n de cookies. Caduca en 1 a\u00f1o desde la \u00faltima actualizaci\u00f3n.<\/p>\n<p><strong>REVOCACI\u00d3N DEL CONSENTIMIENTO PARA INSTALAR COOKIES: COMO ELIMINAR LAS COOKIES DEL NAVEGADOR<\/strong><\/p>\n<ul>\n<li>Chrome:\u00a0<a href=\"http:\/\/support.google.com\/chrome\/answer\/95647?hl=es\" target=\"_blank\" rel=\"noopener noreferrer\"><strong>Pincha aqu\u00ed<\/strong><\/a><\/li>\n<li>Internet Explorer:\u00a0<a href=\"http:\/\/windows.microsoft.com\/es-419\/windows7\/how-to-manage-cookies-in-internet-explorer-9\" target=\"_blank\" rel=\"noopener noreferrer\"><strong>Pincha aqu\u00ed<\/strong><\/a><\/li>\n<li>Mozilla Firefox:\u00a0<a href=\"https:\/\/www.mozilla.org\/es-ES\/privacy\/websites\/#cookies\" target=\"_blank\" rel=\"noopener noreferrer\"><strong>Pincha aqu\u00ed<\/strong><\/a><\/li>\n<li>Safari:\u00a0<a href=\"http:\/\/support.apple.com\/kb\/PH5042\" target=\"_blank\" rel=\"noopener noreferrer\"><strong>Pincha aqu\u00ed<\/strong><\/a><\/li>\n<li>\u00d3pera:\u00a0<a href=\"https:\/\/help.opera.com\/en\/latest\/security-and-privacy\/#clearBrowsingData\" target=\"_blank\" rel=\"noopener noreferrer\"><strong>Pincha aqu\u00ed<\/strong><\/a><\/li>\n<li>Otros navegadores:\u00a0<strong>Consulte la documentaci\u00f3n del navegador que tenga instalado.<\/strong><\/li>\n<\/ul>\n[\/vc_column_text][\/vc_column][\/vc_row][vc_row fullwidth=&#8221;true&#8221; css=&#8221;.vc_custom_1602154636485{margin-top: 80px !important;}&#8221;][vc_column][vc_gmaps link=&#8221;#E-8_JTNDaWZyYW1lJTIwc3JjJTNEJTIyaHR0cHMlM0ElMkYlMkZ3d3cuZ29vZ2xlLmNvbSUyRm1hcHMlMkZlbWJlZCUzRnBiJTNEJTIxMW0xNCUyMTFtOCUyMTFtMyUyMTFkMTE2MTAuNjQxNjI3MzcxOTY4JTIxMmQtMS45NTUyMjA0JTIxM2Q0My4zMjEzNjc5JTIxM20yJTIxMWkxMDI0JTIxMmk3NjglMjE0ZjEzLjElMjEzbTMlMjExbTIlMjExczB4MCUyNTNBMHg4ODljN2RlZGExZTYyNWM0JTIxMnNTYW4lMjUyMFJhZmFlbCUyNTIwQVolMjUyMEZ1bmRhemlvYSUyMTVlMCUyMTNtMiUyMTFzZXMlMjEyc2VzJTIxNHYxNjAyMTUzOTIwNjMxJTIxNW0yJTIxMXNlcyUyMTJzZXMlMjIlMjB3aWR0aCUzRCUyMjYwMCUyMiUyMGhlaWdodCUzRCUyMjQ1MCUyMiUyMGZyYW1lYm9yZGVyJTNEJTIyMCUyMiUyMHN0eWxlJTNEJTIyYm9yZGVyJTNBMCUzQiUyMiUyMGFsbG93ZnVsbHNjcmVlbiUzRCUyMiUyMiUyMGFyaWEtaGlkZGVuJTNEJTIyZmFsc2UlMjIlMjB0YWJpbmRleCUzRCUyMjAlMjIlM0UlM0MlMkZpZnJhbWUlM0U=&#8221; el_class=&#8221;grises&#8221;][\/vc_column][\/vc_row]\n","protected":false},"excerpt":{"rendered":"<p>[vc_row][vc_column][mk_revslider id=&#8221;privacidad-1&#8243;][\/vc_column][\/vc_row][vc_row css=&#8221;.vc_custom_1602664086095{margin-top: 80px !important;}&#8221;][vc_column][vc_column_text css=&#8221;.vc_custom_1602664313386{margin-bottom: 0px !important;}&#8221;] POL\u00cdTICA DE COOKIES [\/vc_column_text][\/vc_column][\/vc_row][vc_row css=&#8221;.vc_custom_1602664105869{margin-top: 40px !important;}&#8221;][vc_column][vc_column_text css=&#8221;.vc_custom_1619185413791{margin-bottom: 0px !important;}&#8221;]INFORMACI\u00d3N SOBRE COOKIES Debido a la entrada en vigor de la referente modificaci\u00f3n de la \u201cLey de Servicios de la Sociedad de la Informaci\u00f3n\u201d (LSSICE) establecida por el Real Decreto 13\/2012, es de obligaci\u00f3n obtener el consentimiento expreso [&hellip;]<\/p>\n","protected":false},"author":1,"featured_media":0,"parent":0,"menu_order":0,"comment_status":"closed","ping_status":"closed","template":"","meta":[],"_links":{"self":[{"href":"https:\/\/sanrafaelfundazioa.com\/eu\/wp-json\/wp\/v2\/pages\/513"}],"collection":[{"href":"https:\/\/sanrafaelfundazioa.com\/eu\/wp-json\/wp\/v2\/pages"}],"about":[{"href":"https:\/\/sanrafaelfundazioa.com\/eu\/wp-json\/wp\/v2\/types\/page"}],"author":[{"embeddable":true,"href":"https:\/\/sanrafaelfundazioa.com\/eu\/wp-json\/wp\/v2\/users\/1"}],"replies":[{"embeddable":true,"href":"https:\/\/sanrafaelfundazioa.com\/eu\/wp-json\/wp\/v2\/comments?post=513"}],"version-history":[{"count":4,"href":"https:\/\/sanrafaelfundazioa.com\/eu\/wp-json\/wp\/v2\/pages\/513\/revisions"}],"predecessor-version":[{"id":590,"href":"https:\/\/sanrafaelfundazioa.com\/eu\/wp-json\/wp\/v2\/pages\/513\/revisions\/590"}],"wp:attachment":[{"href":"https:\/\/sanrafaelfundazioa.com\/eu\/wp-json\/wp\/v2\/media?parent=513"}],"curies":[{"name":"wp","href":"https:\/\/api.w.org\/{rel}","templated":true}]}}